{"id":159,"date":"2018-08-08T16:00:26","date_gmt":"2018-08-08T19:00:26","guid":{"rendered":"http:\/\/robotica.fisiosale.com.br\/?page_id=159"},"modified":"2018-09-26T14:11:03","modified_gmt":"2018-09-26T17:11:03","slug":"liftdaver","status":"publish","type":"page","link":"https:\/\/robotica.fisiosale.com.br\/index.php\/liftdaver\/","title":{"rendered":"LiftDaver"},"content":{"rendered":"\n<ul class=\"wp-block-gallery columns-3 is-cropped wp-block-gallery-1 is-layout-flex wp-block-gallery-is-layout-flex\"><li class=\"blocks-gallery-item\"><figure><img loading=\"lazy\" decoding=\"async\" width=\"1040\" height=\"780\" src=\"https:\/\/robotica.fisiosale.com.br\/wp-content\/uploads\/2018\/09\/l3.jpeg\" alt=\"\" data-id=\"294\" data-link=\"https:\/\/robotica.fisiosale.com.br\/index.php\/liftdaver\/l3\/\" class=\"wp-image-294\" srcset=\"https:\/\/robotica.fisiosale.com.br\/wp-content\/uploads\/2018\/09\/l3.jpeg 1040w, https:\/\/robotica.fisiosale.com.br\/wp-content\/uploads\/2018\/09\/l3-300x225.jpeg 300w, https:\/\/robotica.fisiosale.com.br\/wp-content\/uploads\/2018\/09\/l3-768x576.jpeg 768w, https:\/\/robotica.fisiosale.com.br\/wp-content\/uploads\/2018\/09\/l3-1024x768.jpeg 1024w\" sizes=\"(max-width: 1040px) 100vw, 1040px\" \/><\/figure><\/li><li class=\"blocks-gallery-item\"><figure><img loading=\"lazy\" decoding=\"async\" width=\"1040\" height=\"780\" src=\"https:\/\/robotica.fisiosale.com.br\/wp-content\/uploads\/2018\/09\/l4.jpeg\" alt=\"\" data-id=\"293\" data-link=\"https:\/\/robotica.fisiosale.com.br\/index.php\/liftdaver\/l4\/\" class=\"wp-image-293\" srcset=\"https:\/\/robotica.fisiosale.com.br\/wp-content\/uploads\/2018\/09\/l4.jpeg 1040w, https:\/\/robotica.fisiosale.com.br\/wp-content\/uploads\/2018\/09\/l4-300x225.jpeg 300w, https:\/\/robotica.fisiosale.com.br\/wp-content\/uploads\/2018\/09\/l4-768x576.jpeg 768w, https:\/\/robotica.fisiosale.com.br\/wp-content\/uploads\/2018\/09\/l4-1024x768.jpeg 1024w\" sizes=\"(max-width: 1040px) 100vw, 1040px\" \/><\/figure><\/li><li class=\"blocks-gallery-item\"><figure><img loading=\"lazy\" decoding=\"async\" width=\"1040\" height=\"780\" src=\"https:\/\/robotica.fisiosale.com.br\/wp-content\/uploads\/2018\/09\/l8.jpeg\" alt=\"\" data-id=\"292\" data-link=\"https:\/\/robotica.fisiosale.com.br\/index.php\/liftdaver\/l8\/\" class=\"wp-image-292\" srcset=\"https:\/\/robotica.fisiosale.com.br\/wp-content\/uploads\/2018\/09\/l8.jpeg 1040w, https:\/\/robotica.fisiosale.com.br\/wp-content\/uploads\/2018\/09\/l8-300x225.jpeg 300w, https:\/\/robotica.fisiosale.com.br\/wp-content\/uploads\/2018\/09\/l8-768x576.jpeg 768w, https:\/\/robotica.fisiosale.com.br\/wp-content\/uploads\/2018\/09\/l8-1024x768.jpeg 1024w\" sizes=\"(max-width: 1040px) 100vw, 1040px\" \/><\/figure><\/li><\/ul>\n\n\n<p><strong>LIFT para movimenta\u00e7\u00e3o de corpos do Laborat\u00f3rio de Anatomia do Unisalesiano.<\/strong><\/p>\n<p>Desenvolvido pelos mesmos alunos do <a href=\"https:\/\/robotica.fisiosale.com.br\/index.php\/lift-para-transferencias\/\">Lift para pacientes acamados<\/a>, como trabalho de conclus\u00e3o de curso de engenharia mec\u00e2nica.<\/p>\n<p>\u00a0<\/p>\n<p>Seguem fotos do projeto em <em>Inventor <\/em>do dispositivo<\/p>\n<p><img loading=\"lazy\" decoding=\"async\" class=\"alignnone size-medium wp-image-160\" src=\"https:\/\/robotica.fisiosale.com.br\/wp-content\/uploads\/2018\/08\/LIFT_medicine_3D_axis-300x243.jpg\" alt=\"\" width=\"300\" height=\"243\" srcset=\"https:\/\/robotica.fisiosale.com.br\/wp-content\/uploads\/2018\/08\/LIFT_medicine_3D_axis-300x243.jpg 300w, https:\/\/robotica.fisiosale.com.br\/wp-content\/uploads\/2018\/08\/LIFT_medicine_3D_axis.jpg 512w\" sizes=\"(max-width: 300px) 100vw, 300px\" \/> <img loading=\"lazy\" decoding=\"async\" class=\"alignnone size-medium wp-image-161\" src=\"https:\/\/robotica.fisiosale.com.br\/wp-content\/uploads\/2018\/08\/LIFT_medicine_anatomy_laboratory-300x250.jpg\" alt=\"\" width=\"300\" height=\"250\" srcset=\"https:\/\/robotica.fisiosale.com.br\/wp-content\/uploads\/2018\/08\/LIFT_medicine_anatomy_laboratory-300x250.jpg 300w, https:\/\/robotica.fisiosale.com.br\/wp-content\/uploads\/2018\/08\/LIFT_medicine_anatomy_laboratory-768x640.jpg 768w, https:\/\/robotica.fisiosale.com.br\/wp-content\/uploads\/2018\/08\/LIFT_medicine_anatomy_laboratory-1024x853.jpg 1024w, https:\/\/robotica.fisiosale.com.br\/wp-content\/uploads\/2018\/08\/LIFT_medicine_anatomy_laboratory.jpg 1200w\" sizes=\"(max-width: 300px) 100vw, 300px\" \/> <img loading=\"lazy\" decoding=\"async\" class=\"alignnone size-medium wp-image-162\" src=\"https:\/\/robotica.fisiosale.com.br\/wp-content\/uploads\/2018\/08\/LIFT_medicine_draw-300x225.jpg\" alt=\"\" width=\"300\" height=\"225\" srcset=\"https:\/\/robotica.fisiosale.com.br\/wp-content\/uploads\/2018\/08\/LIFT_medicine_draw-300x225.jpg 300w, https:\/\/robotica.fisiosale.com.br\/wp-content\/uploads\/2018\/08\/LIFT_medicine_draw.jpg 640w\" sizes=\"(max-width: 300px) 100vw, 300px\" \/><\/p>\n<p>Abaixo s\u00e3o apresentados ensaios de esfor\u00e7os pelo mesmo softwre.<\/p>\n<p><img loading=\"lazy\" decoding=\"async\" class=\"alignnone size-medium wp-image-165\" src=\"https:\/\/robotica.fisiosale.com.br\/wp-content\/uploads\/2018\/08\/LIFT_medicine_stress_analysis_02-274x300.jpg\" alt=\"\" width=\"274\" height=\"300\" srcset=\"https:\/\/robotica.fisiosale.com.br\/wp-content\/uploads\/2018\/08\/LIFT_medicine_stress_analysis_02-274x300.jpg 274w, https:\/\/robotica.fisiosale.com.br\/wp-content\/uploads\/2018\/08\/LIFT_medicine_stress_analysis_02-768x842.jpg 768w, https:\/\/robotica.fisiosale.com.br\/wp-content\/uploads\/2018\/08\/LIFT_medicine_stress_analysis_02.jpg 876w\" sizes=\"(max-width: 274px) 100vw, 274px\" \/> <img loading=\"lazy\" decoding=\"async\" class=\"alignnone size-medium wp-image-166\" src=\"https:\/\/robotica.fisiosale.com.br\/wp-content\/uploads\/2018\/08\/LIFT_medicine_stress_analysis_security_factor-288x300.jpg\" alt=\"\" width=\"288\" height=\"300\" srcset=\"https:\/\/robotica.fisiosale.com.br\/wp-content\/uploads\/2018\/08\/LIFT_medicine_stress_analysis_security_factor-288x300.jpg 288w, https:\/\/robotica.fisiosale.com.br\/wp-content\/uploads\/2018\/08\/LIFT_medicine_stress_analysis_security_factor-768x801.jpg 768w, https:\/\/robotica.fisiosale.com.br\/wp-content\/uploads\/2018\/08\/LIFT_medicine_stress_analysis_security_factor.jpg 921w\" sizes=\"(max-width: 288px) 100vw, 288px\" \/><\/p>\n<p>\u00a0<\/p>\n<p>\u00a0<\/p>","protected":false},"excerpt":{"rendered":"<p>LIFT para movimenta\u00e7\u00e3o de corpos do Laborat\u00f3rio de Anatomia do Unisalesiano. Desenvolvido pelos mesmos alunos do Lift para pacientes acamados, como trabalho de conclus\u00e3o de curso de engenharia mec\u00e2nica. \u00a0 Seguem fotos do projeto em Inventor do dispositivo Abaixo s\u00e3o apresentados ensaios de esfor\u00e7os pelo mesmo softwre. \u00a0 \u00a0<\/p>\n","protected":false},"author":1,"featured_media":0,"parent":0,"menu_order":0,"comment_status":"closed","ping_status":"closed","template":"","meta":{"footnotes":""},"class_list":["post-159","page","type-page","status-publish","hentry"],"_links":{"self":[{"href":"https:\/\/robotica.fisiosale.com.br\/index.php\/wp-json\/wp\/v2\/pages\/159"}],"collection":[{"href":"https:\/\/robotica.fisiosale.com.br\/index.php\/wp-json\/wp\/v2\/pages"}],"about":[{"href":"https:\/\/robotica.fisiosale.com.br\/index.php\/wp-json\/wp\/v2\/types\/page"}],"author":[{"embeddable":true,"href":"https:\/\/robotica.fisiosale.com.br\/index.php\/wp-json\/wp\/v2\/users\/1"}],"replies":[{"embeddable":true,"href":"https:\/\/robotica.fisiosale.com.br\/index.php\/wp-json\/wp\/v2\/comments?post=159"}],"version-history":[{"count":3,"href":"https:\/\/robotica.fisiosale.com.br\/index.php\/wp-json\/wp\/v2\/pages\/159\/revisions"}],"predecessor-version":[{"id":295,"href":"https:\/\/robotica.fisiosale.com.br\/index.php\/wp-json\/wp\/v2\/pages\/159\/revisions\/295"}],"wp:attachment":[{"href":"https:\/\/robotica.fisiosale.com.br\/index.php\/wp-json\/wp\/v2\/media?parent=159"}],"curies":[{"name":"wp","href":"https:\/\/api.w.org\/{rel}","templated":true}]}}