{"id":16,"date":"2018-05-04T10:29:39","date_gmt":"2018-05-04T13:29:39","guid":{"rendered":"http:\/\/robotica.fisiosale.com.br\/?page_id=16"},"modified":"2018-09-26T15:11:37","modified_gmt":"2018-09-26T18:11:37","slug":"pagina-inicial","status":"publish","type":"page","link":"https:\/\/robotica.fisiosale.com.br\/index.php\/pagina-inicial\/","title":{"rendered":"BEM VINDO!"},"content":{"rendered":"<p style=\"text-align: center;\">Bem-vindo(a) ao Laborat\u00f3rio de Rob\u00f3tica Assistiva! Esta \u00e9 uma p\u00e1gina de apresenta\u00e7\u00e3o dos projetos em desenvolvimento e desenvolvidos na institui\u00e7\u00e3o com parcerias entre engenharias e cursos da sa\u00fade. Conhe\u00e7a um pouco mais das tecnologias em desenvolvimento.<\/p>\n<h2 style=\"text-align: center;\">Prototipagem 3D e Automa\u00e7\u00e3o: Aplica\u00e7\u00e3o Translacional em Aplica\u00e7\u00e3o Translacional em Enfermagem, Fisioterapia, Medicina e Nutri\u00e7\u00e3o<\/h2>\n<p style=\"text-align: center;\">Este projeto PIBIC &#8211; PIBIT, cuja edi\u00e7\u00e3o 2017-2018 chamava-se &#8220;Simula\u00e7\u00e3o real\u00edstica: prot\u00f3tipos roborizados para ensino-aprendizagem em Nutri\u00e7\u00e3o&#8221;, e para a edi\u00e7\u00e3o 2018-2019 ampliei a aplicabilidade do projeto, incluindo a Medicina, Enfermagem e a Fisioterapia, ent\u00e3o, o nome agora \u00e9 &#8220;Prototipagem 3D e Automa\u00e7\u00e3o: aplica\u00e7\u00e3o translacional em Enfermagem, Fisioterapia, Medicina e Nutri\u00e7\u00e3o&#8221;.<\/p>\n<h3 style=\"text-align: center;\">Uma explica\u00e7\u00e3o necess\u00e1ria<\/h3>\n<p style=\"text-align: center;\">O termo &#8220;translacional&#8221; est\u00e1 sendo utilizado no contexto de projetos, de iniciativas, atividades, ou de metodologias onde se emprega o paradigma &#8220;transdisciplinar&#8221;. A transdisciplinaridade \u00e9 uma abordagem metodol\u00f3gica (e tamb\u00e9m did\u00e1tica) que vai al\u00e9m da interdisciplinaridade. Na transdisciplinaridade considera-se que v\u00e1rias disciplinas do conhecimento interagem com a finalidade de solucionar um problema em comum. Diferentemente da abordagem interdisciplinar, onde v\u00e1rias disciplinas podem interagir tamb\u00e9m, mas n\u00e3o necessariamente com a finalidade de resolver um problema comum. Assim, em geral, nas abordagens interdisciplinares os campos ou \u00e1reas do conhecimento apenas possuem algum n\u00edvel de intera\u00e7\u00e3o, abordando em geral temas correlatos, ou assuntos comuns sem, entretanto, possuir o objetivo de solucionar problemas em comum.<\/p>\n<p style=\"text-align: center;\">Assim, passou-se a utilizar o termo &#8220;translacional&#8221;, principalmente na Medicina, para se dizer que nesta abordagem muito provavelmente est\u00e1 se utilizando disciplinas distintas como, por exemplo, a Engenharia e a Medicina, mas que possuem a finalidade de apresentar ou desenvolver solu\u00e7\u00f5es problemas comuns.<\/p>\n<h2 style=\"text-align: center;\">PROJETOS EM ANDAMENTO<\/h2>\n<h4 style=\"text-align: center;\">Bioarm<\/h4>\n<p style=\"text-align: center;\"><img loading=\"lazy\" decoding=\"async\" class=\"wp-image-312 aligncenter\" src=\"https:\/\/robotica.fisiosale.com.br\/wp-content\/uploads\/2018\/09\/emg2-300x225.jpeg\" alt=\"\" width=\"488\" height=\"377\" \/><\/p>\n<p style=\"text-align: center;\">Bra\u00e7o rob\u00f3tico controlado a partir de sensores cut\u00e2neos com processamento em Arduino. Trata-se de uma inicia\u00e7\u00e3o cient\u00edfica do aluno Kelvin Bianquini Cavallari, 6\u00ba termo de Engenharia El\u00e9trica.<\/p>\n<h4 style=\"text-align: center;\"><a href=\"https:\/\/robotica.fisiosale.com.br\/index.php\/exoesqueleto-de-mmss\/\">Exoesqueleto de MMSS<\/a><\/h4>\n<p><img loading=\"lazy\" decoding=\"async\" class=\"wp-image-170 aligncenter\" src=\"https:\/\/robotica.fisiosale.com.br\/wp-content\/uploads\/2018\/08\/ARM-reabilitation-pdf-1_P\u00e1gina_5-233x300.png\" alt=\"\" width=\"299\" height=\"385\" srcset=\"https:\/\/robotica.fisiosale.com.br\/wp-content\/uploads\/2018\/08\/ARM-reabilitation-pdf-1_P\u00e1gina_5-233x300.png 233w, https:\/\/robotica.fisiosale.com.br\/wp-content\/uploads\/2018\/08\/ARM-reabilitation-pdf-1_P\u00e1gina_5-768x987.png 768w, https:\/\/robotica.fisiosale.com.br\/wp-content\/uploads\/2018\/08\/ARM-reabilitation-pdf-1_P\u00e1gina_5-796x1024.png 796w, https:\/\/robotica.fisiosale.com.br\/wp-content\/uploads\/2018\/08\/ARM-reabilitation-pdf-1_P\u00e1gina_5-1200x1543.png 1200w\" sizes=\"(max-width: 299px) 100vw, 299px\" \/><\/p>\n<h4 style=\"text-align: center;\">Exoesqueleto de MMII<\/h4>\n<p><img loading=\"lazy\" decoding=\"async\" class=\"size-medium wp-image-171 aligncenter\" src=\"https:\/\/robotica.fisiosale.com.br\/wp-content\/uploads\/2018\/08\/Desenho-2-257x300.png\" alt=\"\" width=\"257\" height=\"300\" srcset=\"https:\/\/robotica.fisiosale.com.br\/wp-content\/uploads\/2018\/08\/Desenho-2-257x300.png 257w, https:\/\/robotica.fisiosale.com.br\/wp-content\/uploads\/2018\/08\/Desenho-2.png 753w\" sizes=\"(max-width: 257px) 100vw, 257px\" \/><\/p>\n<h4><\/h4>\n<h4 style=\"text-align: center;\">Exoesqueleto de M\u00e3o<\/h4>\n<p><img loading=\"lazy\" decoding=\"async\" class=\"wp-image-297 aligncenter\" src=\"https:\/\/robotica.fisiosale.com.br\/wp-content\/uploads\/2018\/09\/hd1-225x300.jpeg\" alt=\"\" width=\"422\" height=\"421\" \/><\/p>\n<h4><\/h4>\n<h4 style=\"text-align: center;\">Pr\u00f3teses de M\u00e3o e Antebra\u00e7o (<a href=\"http:\/\/www.unisale.com.br\/site\/index.php?fcs=noticias&amp;op=2223\">Reportagem<\/a>)<\/h4>\n<p><img loading=\"lazy\" decoding=\"async\" class=\"wp-image-77 aligncenter\" src=\"https:\/\/robotica.fisiosale.com.br\/wp-content\/uploads\/2018\/05\/01-300x150.jpg\" alt=\"\" width=\"463\" height=\"232\" srcset=\"https:\/\/robotica.fisiosale.com.br\/wp-content\/uploads\/2018\/05\/01-300x150.jpg 300w, https:\/\/robotica.fisiosale.com.br\/wp-content\/uploads\/2018\/05\/01.jpg 480w\" sizes=\"(max-width: 463px) 100vw, 463px\" \/><\/p>\n<h4><\/h4>\n<h4 style=\"text-align: center;\">Elevador de piscina (hidroterapia)<\/h4>\n<p>&nbsp;<\/p>\n<h2 style=\"text-align: center;\"><strong>PROJETOS PRONTOS<\/strong><\/h2>\n<p style=\"text-align: center;\"><a href=\"https:\/\/robotica.fisiosale.com.br\/index.php\/lift-para-transferencias\/\">Lift para pacientes acamados<\/a><\/p>\n<p><img loading=\"lazy\" decoding=\"async\" class=\"wp-image-78 aligncenter\" src=\"https:\/\/robotica.fisiosale.com.br\/wp-content\/uploads\/2018\/05\/pastedImage1-300x200.png\" alt=\"\" width=\"657\" height=\"446\" \/><\/p>\n<p style=\"text-align: center;\"><a href=\"https:\/\/robotica.fisiosale.com.br\/index.php\/liftdaver\/\">LiftDaver<\/a> (movimenta\u00e7\u00e3o de corpos do Laborat\u00f3rio de Anatomia do Unisalesiano)<\/p>\n<p><img loading=\"lazy\" decoding=\"async\" class=\"wp-image-292 aligncenter\" src=\"https:\/\/robotica.fisiosale.com.br\/wp-content\/uploads\/2018\/09\/l8-300x225.jpeg\" alt=\"\" width=\"655\" height=\"496\" \/><\/p>\n","protected":false},"excerpt":{"rendered":"<p>Bem-vindo(a) ao Laborat\u00f3rio de Rob\u00f3tica Assistiva! Esta \u00e9 uma p\u00e1gina de apresenta\u00e7\u00e3o dos projetos em desenvolvimento e desenvolvidos na institui\u00e7\u00e3o com parcerias entre engenharias e cursos da sa\u00fade. Conhe\u00e7a um pouco mais das tecnologias em desenvolvimento. Prototipagem 3D e Automa\u00e7\u00e3o: Aplica\u00e7\u00e3o Translacional em Aplica\u00e7\u00e3o Translacional em Enfermagem, Fisioterapia, Medicina e Nutri\u00e7\u00e3o Este projeto PIBIC &#8211;&hellip; <br \/> <a class=\"read-more\" href=\"https:\/\/robotica.fisiosale.com.br\/index.php\/pagina-inicial\/\">Read more<\/a><\/p>\n","protected":false},"author":1,"featured_media":0,"parent":0,"menu_order":0,"comment_status":"closed","ping_status":"closed","template":"","meta":{"footnotes":""},"class_list":["post-16","page","type-page","status-publish","hentry"],"_links":{"self":[{"href":"https:\/\/robotica.fisiosale.com.br\/index.php\/wp-json\/wp\/v2\/pages\/16"}],"collection":[{"href":"https:\/\/robotica.fisiosale.com.br\/index.php\/wp-json\/wp\/v2\/pages"}],"about":[{"href":"https:\/\/robotica.fisiosale.com.br\/index.php\/wp-json\/wp\/v2\/types\/page"}],"author":[{"embeddable":true,"href":"https:\/\/robotica.fisiosale.com.br\/index.php\/wp-json\/wp\/v2\/users\/1"}],"replies":[{"embeddable":true,"href":"https:\/\/robotica.fisiosale.com.br\/index.php\/wp-json\/wp\/v2\/comments?post=16"}],"version-history":[{"count":24,"href":"https:\/\/robotica.fisiosale.com.br\/index.php\/wp-json\/wp\/v2\/pages\/16\/revisions"}],"predecessor-version":[{"id":314,"href":"https:\/\/robotica.fisiosale.com.br\/index.php\/wp-json\/wp\/v2\/pages\/16\/revisions\/314"}],"wp:attachment":[{"href":"https:\/\/robotica.fisiosale.com.br\/index.php\/wp-json\/wp\/v2\/media?parent=16"}],"curies":[{"name":"wp","href":"https:\/\/api.w.org\/{rel}","templated":true}]}}