{"id":18,"date":"2018-05-04T10:29:39","date_gmt":"2018-05-04T13:29:39","guid":{"rendered":"http:\/\/robotica.fisiosale.com.br\/?page_id=18"},"modified":"2018-05-04T16:19:43","modified_gmt":"2018-05-04T19:19:43","slug":"contato","status":"publish","type":"page","link":"https:\/\/robotica.fisiosale.com.br\/index.php\/contato\/","title":{"rendered":"Contato"},"content":{"rendered":"<p>Contate-nos para maiores informa\u00e7\u00f5es e poss\u00edveis parcerias em:<\/p>\n<p>Prof. Dr. Edval Rodrigues de Viveiros &#8211; edvalrv@gmail.com<\/p>\n<p>Eng. Fernando Henrique Alves Benedito &#8211; fernandoh@unisalesiano.com.br<\/p>\n<p>UniSALESIANO &#8211; 3636-5252<\/p>\n<p>&nbsp;<\/p>\n","protected":false},"excerpt":{"rendered":"<p>Contate-nos para maiores informa\u00e7\u00f5es e poss\u00edveis parcerias em: Prof. Dr. Edval Rodrigues de Viveiros &#8211; edvalrv@gmail.com Eng. Fernando Henrique Alves Benedito &#8211; fernandoh@unisalesiano.com.br UniSALESIANO &#8211; 3636-5252 &nbsp;<\/p>\n","protected":false},"author":1,"featured_media":13,"parent":0,"menu_order":0,"comment_status":"closed","ping_status":"closed","template":"","meta":{"footnotes":""},"class_list":["post-18","page","type-page","status-publish","has-post-thumbnail","hentry"],"_links":{"self":[{"href":"https:\/\/robotica.fisiosale.com.br\/index.php\/wp-json\/wp\/v2\/pages\/18"}],"collection":[{"href":"https:\/\/robotica.fisiosale.com.br\/index.php\/wp-json\/wp\/v2\/pages"}],"about":[{"href":"https:\/\/robotica.fisiosale.com.br\/index.php\/wp-json\/wp\/v2\/types\/page"}],"author":[{"embeddable":true,"href":"https:\/\/robotica.fisiosale.com.br\/index.php\/wp-json\/wp\/v2\/users\/1"}],"replies":[{"embeddable":true,"href":"https:\/\/robotica.fisiosale.com.br\/index.php\/wp-json\/wp\/v2\/comments?post=18"}],"version-history":[{"count":4,"href":"https:\/\/robotica.fisiosale.com.br\/index.php\/wp-json\/wp\/v2\/pages\/18\/revisions"}],"predecessor-version":[{"id":57,"href":"https:\/\/robotica.fisiosale.com.br\/index.php\/wp-json\/wp\/v2\/pages\/18\/revisions\/57"}],"wp:featuredmedia":[{"embeddable":true,"href":"https:\/\/robotica.fisiosale.com.br\/index.php\/wp-json\/wp\/v2\/media\/13"}],"wp:attachment":[{"href":"https:\/\/robotica.fisiosale.com.br\/index.php\/wp-json\/wp\/v2\/media?parent=18"}],"curies":[{"name":"wp","href":"https:\/\/api.w.org\/{rel}","templated":true}]}}