{"id":20,"date":"2018-05-04T10:29:39","date_gmt":"2018-05-04T13:29:39","guid":{"rendered":"http:\/\/robotica.fisiosale.com.br\/?page_id=20"},"modified":"2018-05-04T10:29:39","modified_gmt":"2018-05-04T13:29:39","slug":"uma-secao-de-pagina-inicial","status":"publish","type":"page","link":"https:\/\/robotica.fisiosale.com.br\/index.php\/uma-secao-de-pagina-inicial\/","title":{"rendered":"Uma se\u00e7\u00e3o de p\u00e1gina inicial"},"content":{"rendered":"<p>Este \u00e9 um exemplo de se\u00e7\u00e3o de p\u00e1gina inicial. Se\u00e7\u00f5es de p\u00e1gina inicial podem ser qualquer outra p\u00e1gina que n\u00e3o a p\u00e1gina inicial em si, incluindo a p\u00e1gina que exibe seus \u00faltimos posts do blog.<\/p>\n","protected":false},"excerpt":{"rendered":"<p>Este \u00e9 um exemplo de se\u00e7\u00e3o de p\u00e1gina inicial. Se\u00e7\u00f5es de p\u00e1gina inicial podem ser qualquer outra p\u00e1gina que n\u00e3o a p\u00e1gina inicial em si, incluindo a p\u00e1gina que exibe seus \u00faltimos posts do blog.<\/p>\n","protected":false},"author":1,"featured_media":13,"parent":0,"menu_order":0,"comment_status":"closed","ping_status":"closed","template":"","meta":{"footnotes":""},"class_list":["post-20","page","type-page","status-publish","has-post-thumbnail","hentry"],"_links":{"self":[{"href":"https:\/\/robotica.fisiosale.com.br\/index.php\/wp-json\/wp\/v2\/pages\/20"}],"collection":[{"href":"https:\/\/robotica.fisiosale.com.br\/index.php\/wp-json\/wp\/v2\/pages"}],"about":[{"href":"https:\/\/robotica.fisiosale.com.br\/index.php\/wp-json\/wp\/v2\/types\/page"}],"author":[{"embeddable":true,"href":"https:\/\/robotica.fisiosale.com.br\/index.php\/wp-json\/wp\/v2\/users\/1"}],"replies":[{"embeddable":true,"href":"https:\/\/robotica.fisiosale.com.br\/index.php\/wp-json\/wp\/v2\/comments?post=20"}],"version-history":[{"count":1,"href":"https:\/\/robotica.fisiosale.com.br\/index.php\/wp-json\/wp\/v2\/pages\/20\/revisions"}],"predecessor-version":[{"id":28,"href":"https:\/\/robotica.fisiosale.com.br\/index.php\/wp-json\/wp\/v2\/pages\/20\/revisions\/28"}],"wp:featuredmedia":[{"embeddable":true,"href":"https:\/\/robotica.fisiosale.com.br\/index.php\/wp-json\/wp\/v2\/media\/13"}],"wp:attachment":[{"href":"https:\/\/robotica.fisiosale.com.br\/index.php\/wp-json\/wp\/v2\/media?parent=20"}],"curies":[{"name":"wp","href":"https:\/\/api.w.org\/{rel}","templated":true}]}}