{"id":200,"date":"2018-08-20T23:06:01","date_gmt":"2018-08-21T02:06:01","guid":{"rendered":"http:\/\/robotica.fisiosale.com.br\/index.php\/mesmerize\/"},"modified":"2021-06-03T20:45:08","modified_gmt":"2021-06-03T23:45:08","slug":"mesmerize","status":"publish","type":"page","link":"https:\/\/robotica.fisiosale.com.br\/","title":{"rendered":"Front Page"},"content":{"rendered":"<div  id=\"overlappable-4\" style=\"background-color: #ffffff;\" data-label=\"Overlappable\" data-id=\"overlappable-4\" data-export-id=\"overlappable-4\" data-category=\"overlappable\" class=\"overlappable-4 content-section content-section-spacing\" data-overlap=\"true\"><div  class=\"gridContainer\"> <div  data-type=\"row\" class=\"row spaced-cols text-center\"><div  class=\"col-xs-12 col-sm-4 col-padding\"> <i  class=\"fa icon fa-clone large shadow-large-black round aligncenter reverse color1\"><\/i> <div  data-type=\"column\" class=\"\"> <h5  class=\"\">Projetos OpenSource<\/h5> <p  class=\"\">Parte dos projetos desenvolvidos no laborat\u00f3rios s\u00e3o disponibilizados gratuitamente<\/p><\/div> <\/div> <div  class=\"col-xs-12 col-sm-4 col-padding\"> <i  class=\"fa icon fa-cogs large shadow-large-black round aligncenter reverse color1\"><\/i> <div  data-type=\"column\" class=\"\"><h5  class=\"\">Solu\u00e7\u00f5es multidisciplinares<\/h5> <p  class=\"\">Os estudantes das engenharias e sa\u00fade t\u00eam contato cont\u00ednuo para desenvolvimento de dispositivos e solu\u00e7\u00f5es simplificadas<\/p><\/div> <\/div> <div  class=\"col-xs-12 col-sm-4 col-padding\"> <i  class=\"fa icon fa-magic large shadow-large-black round aligncenter reverse color1\"><\/i> <div  data-type=\"column\" class=\"\"><h5  class=\"\"><\/h5> <p  class=\"\">\u201cQualquer tecnologia suficientemente avan\u00e7ada \u00e9 indistingu\u00edvel da magia\u201d \u2013 3\u00aa Lei de Clarke<\/p><\/div> <\/div><\/div> <\/div><\/div><div  id=\"sobre\" style=\"background-color: #f5fafd;\" data-label=\"Sobre\" data-id=\"about-1\" data-export-id=\"about-1\" data-category=\"about\" class=\"about-1 content-section content-section-spacing\"><div  class=\"gridContainer\"> <div  class=\"row text-center\"><div  class=\"section-title-col\" data-type=\"column\"> <h5  class=\"\">Nossa miss\u00e3o<\/h5> <h2  class=\"\">Dar ao indiv\u00edduo<span  href=\"#\" style=\"font-weight: 700; font-family: Playfair Display,sans-serif; font-style: italic;\">&nbsp;seu pr\u00f3prio poder de qualidade de vida<\/span>&nbsp;de volta por meio de solu\u00e7\u00f5es customizadas<\/h2> <p  class=\"lead\">Nossa vis\u00e3o&nbsp;\n<br ><br >Alcan\u00e7ar o maior n\u00famero de pessoas com necessidade de reabilita\u00e7\u00e3o poss\u00edvel<\/p> <a class=\"button color1\" href=\"https:\/\/robotica.fisiosale.com.br\/index.php\/contato\" target=\"_self\" data-cp-link=\"1\" rel=\"noopener\">DO QUE PRECISA?<\/a><\/div> <\/div> <div  class=\"row\"> <div  class=\"col-xs bottom-xs flexbox image-group-bottom-3-img space-bottom-xs center-xs\"> <img decoding=\"async\"  class=\"left-img shadow-large-black\" data-size=\"500x300\" src=\"https:\/\/robotica.fisiosale.com.br\/wp-content\/uploads\/2018\/05\/cropped-02.jpg\" alt=\"\" title=\"cropped-02.jpg\"> <img decoding=\"async\"  class=\"center-img shadow-large-black\" data-size=\"500x300\" src=\"https:\/\/robotica.fisiosale.com.br\/wp-content\/uploads\/2018\/05\/cropped-pastedImage1.png\" alt=\"\" title=\"cropped-pastedImage1.png\"> <img decoding=\"async\"  class=\"right-img shadow-large-black\" data-size=\"500x300\" src=\"https:\/\/robotica.fisiosale.com.br\/wp-content\/uploads\/2018\/05\/cropped-exo_com_boneco-1.jpg\" alt=\"\" title=\"cropped-exo_com_boneco-1.jpg\"><\/div> <\/div><\/div> <\/div><div  id=\"projetos\" style=\"background-color: #ffffff;\" data-label=\"Projetos\" data-id=\"features-12-card-bordered\" data-export-id=\"features-12-card-bordered\" data-category=\"features\" class=\"features-12-card-bordered content-section content-section-spacing \"><div  class=\"gridContainer\"> <div  class=\"row text-center\"><div  class=\"section-title-col\" data-type=\"column\"> <h2  class=\"\">Alguns projetos que desenvolvemos<\/h2> <p  class=\"lead\">Os projetos em desenvolvimento atendem principalmente lacunas no campo da reabilita\u00e7\u00e3o, ensino e pesquisa, em parceria com o curso de Fisioterapia. Temos dedicados estudantes trabalhando tamb\u00e9m em dispositivos para laborat\u00f3rios e Ci\u00eancia Aplicada.<\/p><\/div> <\/div> <div  class=\"row spaced-cols\" data-type=\"row\"> <div  class=\"col-sm-6\"> <div  class=\"card row-card bordered y-move\"> <div  class=\"row\"> <div  class=\"col-sm-fit icon-column\"> <i  class=\"fa icon fa-connectdevelop round bordered color2\"><\/i> <\/div> <div  class=\"col-sm\" data-type=\"column\"> <h5  class=\"color2\">Exoesqueletos<\/h5> <p  class=\"\">S\u00e3o desenvolvidos desde o projeto, simula\u00e7\u00f5es computacionais, maquetes, prot\u00f3tipos, estudos piloto, estudos de aplicabilidade e viabilidade, para MMSS (bra\u00e7o e m\u00e3o) e MMII<\/p><\/div> <\/div><\/div> <\/div> <div  class=\"col-sm-6\"> <div  class=\"card row-card bordered y-move\"> <div  class=\"row\"> <div  class=\"col-sm-fit icon-column\"> <i  class=\"fa icon fa-codepen round bordered color2\"><\/i> <\/div> <div  class=\"col-sm\" data-type=\"column\"> <h5  class=\"color2\">Pr\u00f3teses e \u00f3rteses<\/h5> <p  class=\"\">Pr\u00f3teses s\u00e3o adaptadas de projetos pr\u00e9vios, OpenSource, e aplicados em pacientes amputados com mensura\u00e7\u00f5es, ajustes e customiza\u00e7\u00f5es, tanto para MMSS quanto para MMII.<\/p><\/div> <\/div><\/div> <\/div> <div  class=\"col-sm-6\"> <div  class=\"card row-card bordered y-move\"> <div  class=\"row\"> <div  class=\"col-sm-fit icon-column\"> <i  class=\"fa icon fa-cube round bordered color2\"><\/i> <\/div> <div  class=\"col-sm\" data-type=\"column\"> <h5  class=\"color2\">Pe\u00e7as anat\u00f4micas<\/h5> <p  class=\"\">Desenvolve-se pe\u00e7as anat\u00f4micas, como hemisf\u00e9rio cerebral, cora\u00e7\u00e3o, f\u00edgado etc., por interm\u00e9dio de impress\u00e3o 3D, que podem ser utilizadas tanto para pesquisa quanto para ensino em cursos da Sa\u00fade<\/p><\/div> <\/div><\/div> <\/div> <div  class=\"col-sm-6\"> <div  class=\"card row-card bordered y-move\"> <div  class=\"row\"> <div  class=\"col-sm-fit icon-column\"> <i  class=\"fa icon fa-database round bordered color2\"><\/i> <\/div> <div  class=\"col-sm\" data-type=\"column\"> <h5  class=\"color2\">Dispositivos para tranfer\u00eancias<\/h5> <p  class=\"\">Foram projetados dispositivos para transporte de pacientes acamados, que podem ser utilizados tanto em ambiente ambulatorial, dom\u00e9stico ou hospitalar. Al\u00e9m disto, tamb\u00e9m projetamos solu\u00e7\u00f5es espec\u00edficas, como o Lifdaver, para transfer\u00eancia de cad\u00e1ver em laborat\u00f3rio de anatomia <\/p><\/div> <\/div><\/div> <\/div><\/div> <\/div><\/div><div  id=\"caso\" style=\"background-color: #f5fafd;\" data-label=\"Caso\" data-id=\"content-2\" data-export-id=\"content-2\" data-category=\"content\" class=\"content-2 content-section content-section-spacing\"><div > <div  class=\"row middle-xs\"><div  class=\"col-sm-5 bg-image shadow-large-black\" data-bg=\"image\" style=\"background-image: url(&quot;https:\/\/robotica.fisiosale.com.br\/wp-content\/uploads\/2018\/08\/cropped-IMG_20171220_194825-2.jpg&quot;);\" http:=\"\" robotica.fisiosale.com.br=\"\" wp-content=\"\" uploads=\"\" 2018=\"\" 08=\"\" cropped-img_20171220_194825.jpg\");\"=\"\"><\/div> <div  class=\"col-sm-7 full-col-left-padding full-col-right-padding\"> <div  class=\"row\"> <div  data-type=\"column\" class=\"space-bottom-small content-title-col\"> <h5  class=\"\">Prot\u00f3tipo<\/h5> <h2  class=\"\">Lift de transfer\u00eancia<\/h2> <p  class=\"\">Um equipamento totalmente inovador e din\u00e2mico que vai facilitar o dia a dia de cuidadores de pacientes acamados e cadeirantes. \u00c9 assim definido o lift de transfer\u00eancia desenvolvido por um grupo de acad\u00eamicos do curso de Engenharia Mec\u00e2nica<\/p><\/div> <\/div> <div  class=\"row spaced-cols \" data-type=\"row\"> <div  class=\"col-xs-6\" data-type=\"column\">  <\/div>    <\/div><\/div> <\/div><\/div> <\/div><div  id=\"content-14\" style=\"background-color: #ffffff;\" data-label=\"Content\" data-id=\"content-3\" data-export-id=\"content-3\" data-category=\"content\" class=\"content-3 content-section content-section-spacing\"><div > <div  class=\"row middle-xs\"><div  class=\"col-sm-7 full-col-left-padding full-col-right-padding\"> <div  class=\"row\"><div  data-type=\"column\" class=\"space-bottom-small content-title-col\"> <h5  class=\"\">Prot\u00f3tipo<\/h5> <h2  class=\"\">Exoesqueleto de Membro Superior (MS)<\/h2> <p  class=\"\">Projeto com recursos da IUS &#8211; , \u00e9 um prot\u00f3tipo funcional de um exoesqueleto para membros superiores, cujo objetivo \u00e9 trabalhar procedimentos de reabilita\u00e7\u00e3o para pacientes c\u00e9rebro lesionados. Atualmente est\u00e1 em desenvolvimento de aplica\u00e7\u00f5es de seguran\u00e7a e ergonomia para aplica\u00e7\u00e3o em cl\u00ednica da Universidade.<\/p><a class=\"link\" href=\"https:\/\/robotica.fisiosale.com.br\/index.php\/exoesqueleto-de-mmss\" target=\"_self\" data-cp-link=\"1\" rel=\"noopener\">Saiba mais<\/a><\/div> <\/div> <div  class=\"row spaced-cols\" data-type=\"row\">   <div  class=\"col-xs-6\" data-type=\"column\"> <p  class=\"\">\u2026<\/p><\/div>  <\/div><\/div> <div  class=\"col-sm-5 bg-image shadow-large-black revert-classes-holder\" data-bg=\"image\" style=\"background-image: url(&quot;https:\/\/robotica.fisiosale.com.br\/wp-content\/uploads\/2018\/05\/cropped-exo_com_boneco-1-3.jpg&quot;);\" http:=\"\" robotica.fisiosale.com.br=\"\" wp-content=\"\" uploads=\"\" 2018=\"\" 05=\"\" cropped-exo_com_boneco-1-1.jpg\");\"=\"\"><\/div><\/div> <\/div><\/div><div  id=\"portfolio-3\" style=\"background-color: #f5fafd;\" data-label=\"Portfolio\" data-id=\"portfolio-4\" data-export-id=\"portfolio-4\" data-category=\"portfolio\" class=\"portfolio-4 content-section content-section-spacing-top\"><div  class=\"\"> <div  class=\"row text-center\"><div  class=\"section-title-col\" data-type=\"column\"> <h2  class=\"\">Portfolio<\/h2> <p  class=\"lead\">S\u00e3o apresentadas abaixo algumas imagens dos projetos em desenvolvimento<\/p><\/div> <\/div> <div  data-type=\"row\" class=\"row\"> <div  class=\"col-xs-12 col-sm-3 no-gutter-col\"> <div  class=\"contentswap-effect\" data-hover-fx=\"portfolio-4\"> <div  class=\"initial-image\"> <img decoding=\"async\"  data-size=\"542x360\" src=\"https:\/\/robotica.fisiosale.com.br\/wp-content\/uploads\/2018\/08\/cropped-Desenho-2-1.png\"><\/div> <div  class=\"overlay bg-color1\"><\/div> <div  class=\"swap-inner col-xs-12\"> <div  class=\"row full-height-row middle-xs middle-sm\"> <div  class=\"col-xs-12 text-center content-holder\"> <a href=\"https:\/\/robotica.fisiosale.com.br\/index.php\/pagina-inicial\" target=\"_self\" rel=\"noopener\"><i  class=\"fa icon big portfolio-icon fa-search\" aria-hidden=\"true\"><\/i><\/a><\/div> <\/div><\/div> <\/div><\/div> <div  class=\"col-xs-12 col-sm-3 no-gutter-col\"><div  class=\"contentswap-effect\" data-hover-fx=\"portfolio-4\"> <div  class=\"initial-image\"> <img decoding=\"async\"  data-size=\"542x360\" src=\"https:\/\/robotica.fisiosale.com.br\/wp-content\/uploads\/2018\/05\/cropped-exo_com_boneco-1-2.jpg\"><\/div> <div  class=\"overlay bg-color1\"><\/div> <div  class=\"swap-inner col-xs-12\"> <div  class=\"row full-height-row middle-xs middle-sm\"> <div  class=\"col-xs-12 text-center content-holder\"> <a href=\"https:\/\/robotica.fisiosale.com.br\/index.php\/exoesqueleto-de-mmss\" target=\"_self\" rel=\"noopener\"><i  class=\"fa icon big portfolio-icon fa-search\" aria-hidden=\"true\"><\/i><\/a><\/div> <\/div><\/div> <\/div><\/div> <div  class=\"col-xs-12 col-sm-3 no-gutter-col\"><div  class=\"contentswap-effect\" data-hover-fx=\"portfolio-4\"> <div  class=\"initial-image\"> <img decoding=\"async\"  data-size=\"542x360\" src=\"https:\/\/robotica.fisiosale.com.br\/wp-content\/uploads\/2018\/08\/cropped-IMG_20171220_194825-1.jpg\"><\/div> <div  class=\"overlay bg-color1\"><\/div> <div  class=\"swap-inner col-xs-12\"> <div  class=\"row full-height-row middle-xs middle-sm\"> <div  class=\"col-xs-12 text-center content-holder\"> <a href=\"https:\/\/robotica.fisiosale.com.br\/index.php\/lift-para-transferencias\" target=\"_self\" rel=\"noopener\"><i  class=\"fa icon big portfolio-icon fa-search\" aria-hidden=\"true\"><\/i><\/a><\/div> <\/div><\/div> <\/div><\/div> <div  class=\"col-xs-12 col-sm-3 no-gutter-col\"><div  class=\"contentswap-effect\" data-hover-fx=\"portfolio-4\"> <div  class=\"initial-image\"> <img decoding=\"async\"  data-size=\"542x360\" src=\"https:\/\/robotica.fisiosale.com.br\/wp-content\/uploads\/2018\/08\/cropped-liftdaver.jpg\"><\/div> <div  class=\"overlay bg-color1\"><\/div> <div  class=\"swap-inner col-xs-12\"> <div  class=\"row full-height-row middle-xs middle-sm\"> <div  class=\"col-xs-12 text-center content-holder\"> <a href=\"https:\/\/robotica.fisiosale.com.br\/index.php\/liftdaver\" target=\"_self\" rel=\"noopener\"><i  class=\"fa icon big portfolio-icon fa-search\" aria-hidden=\"true\"><\/i><\/a><\/div> <\/div><\/div> <\/div><\/div>     <\/div><\/div> <\/div><div  id=\"team-2\" style=\"background-color: #ffffff;\" data-label=\"Team\" data-id=\"team-2\" data-export-id=\"team-2\" data-category=\"team\" class=\"team-2 content-section content-section-spacing\"><div  class=\"gridContainer\"> <div  class=\"row text-center\"><div  class=\"section-title-col\" data-type=\"column\"> <h2  class=\"\">Nosso time<\/h2> <p  class=\"lead\">Pessoas que contribuem de forma significante nos projetos com instru\u00e7\u00f5es, orienta\u00e7\u00f5es, habilidades e com seu precioso tempo.&nbsp;<\/p><\/div> <\/div> <div  class=\"row spaced-cols content-center-sm\" data-type=\"row\"> <div  class=\"col-sm-6 col-md-3\"> <div  class=\"card y-move no-padding bordered\"> <img decoding=\"async\"  class=\"face\" src=\"https:\/\/robotica.fisiosale.com.br\/wp-content\/uploads\/2018\/08\/cropped-edval.jpg\" alt=\"\" title=\"cropped-edval.jpg\"> <div  data-type=\"column\" class=\"col-padding-small col-padding-small-xs description-container\"> <h4  class=\"font-500\">Edval R Viveiros<\/h4> <p  class=\"small\" style=\"font-style: italic;\">Professor Doutor<br >\nF\u00edsico<\/p> <div  class=\"social-icons-group\" data-type=\"group\"> <a  href=\"#\"><i  class=\"gray fa icon fa-facebook-square small\"><\/i><\/a> <a  href=\"#\"><i  class=\"gray fa icon fa-twitter-square small\"><\/i><\/a> <a  href=\"#\"><i  class=\"gray fa icon fa-linkedin-square small\"><\/i><\/a> <a  href=\"#\"><i  class=\"gray fa icon fa-google-plus-square small\"><\/i><\/a><\/div> <\/div><\/div> <\/div><div  class=\"col-sm-6 col-md-3\"> <div  class=\"card y-move no-padding bordered\"> <img decoding=\"async\"  class=\"face\" src=\"https:\/\/robotica.fisiosale.com.br\/wp-content\/uploads\/2018\/08\/cropped-neson.jpg\" alt=\"\" title=\"cropped-neson.jpg\"> <div  data-type=\"column\" class=\"col-padding-small col-padding-small-xs description-container\"> <h4  class=\"font-500\">Nelson H Takiy<\/h4> <p  class=\"small\" style=\"font-style: italic;\">Coordenador \n<br >Mestre, Engenheiro<\/p> <div  class=\"social-icons-group\" data-type=\"group\"> <a  href=\"#\"><i  class=\"gray fa icon fa-facebook-square small\"><\/i><\/a> <a  href=\"#\"><i  class=\"gray fa icon fa-twitter-square small\"><\/i><\/a> <a  href=\"#\"><i  class=\"gray fa icon fa-linkedin-square small\"><\/i><\/a> <a  href=\"#\"><i  class=\"gray fa icon fa-google-plus-square small\"><\/i><\/a><\/div> <\/div><\/div> <\/div><div  class=\"col-sm-6 col-md-3\"> <div  class=\"card y-move no-padding bordered\"> <img decoding=\"async\"  class=\"face\" src=\"https:\/\/robotica.fisiosale.com.br\/wp-content\/uploads\/2018\/08\/cropped-IMG-20180821-WA0060.jpg\" alt=\"\" title=\"cropped-IMG-20180821-WA0060.jpg\"> <div  data-type=\"column\" class=\"col-padding-small col-padding-small-xs description-container\"> <h4  class=\"font-500\">Carla K Machado<\/h4> <p  class=\"small\" style=\"font-style: italic;\">Coordenadora \n<br >Mestre, Fisioterapia<\/p> <div  class=\"social-icons-group\" data-type=\"group\"> <a  href=\"#\"><i  class=\"gray fa icon fa-facebook-square small\"><\/i><\/a> <a  href=\"#\"><i  class=\"gray fa icon fa-twitter-square small\"><\/i><\/a> <a  href=\"#\"><i  class=\"gray fa icon fa-linkedin-square small\"><\/i><\/a> <a  href=\"#\"><i  class=\"gray fa icon fa-google-plus-square small\"><\/i><\/a><\/div> <\/div><\/div> <\/div>       <div  class=\"col-sm-6 col-md-3\"> <div  class=\"card y-move no-padding bordered\"> <img decoding=\"async\"  class=\"face\" src=\"https:\/\/robotica.fisiosale.com.br\/wp-content\/uploads\/2018\/08\/cropped-Eguia.jpg\" alt=\"\" title=\"cropped-Eguia.jpg\"> <div  data-type=\"column\" class=\"col-padding-small col-padding-small-xs description-container\"> <h4  class=\"font-500\">Fernando Egu\u00eda<\/h4> <p  class=\"small\" style=\"font-style: italic;\">Professor, Mestre Engenheiro<\/p> <div  class=\"social-icons-group\" data-type=\"group\"> <a  href=\"#\"><i  class=\"gray fa icon fa-facebook-square small\"><\/i><\/a> <a  href=\"#\"><i  class=\"gray fa icon fa-twitter-square small\"><\/i><\/a> <a  href=\"#\"><i  class=\"gray fa icon fa-linkedin-square small\"><\/i><\/a> <a  href=\"#\"><i  class=\"gray fa icon fa-google-plus-square small\"><\/i><\/a><\/div> <\/div><\/div> <\/div><div  class=\"col-sm-6 col-md-3\"> <div  class=\"card y-move no-padding bordered\"> <img decoding=\"async\"  class=\"face\" src=\"https:\/\/robotica.fisiosale.com.br\/wp-content\/uploads\/2018\/08\/cropped-fer.jpg\" alt=\"\" title=\"cropped-fer.jpg\"> <div  data-type=\"column\" class=\"col-padding-small col-padding-small-xs description-container\"> <h4  class=\"font-500\">Fernando H A Benedito<\/h4> <p  class=\"small\" style=\"font-style: italic;\">Especialista<br >&nbsp;Engenheiro, Fisioterapeuta<\/p> <div  class=\"social-icons-group\" data-type=\"group\"> <a  href=\"#\"><i  class=\"gray fa icon fa-facebook-square small\"><\/i><\/a> <a  href=\"#\"><i  class=\"gray fa icon fa-twitter-square small\"><\/i><\/a> <a  href=\"#\"><i  class=\"gray fa icon fa-linkedin-square small\"><\/i><\/a> <a  href=\"#\"><i  class=\"gray fa icon fa-google-plus-square small\"><\/i><\/a><\/div> <\/div><\/div> <\/div><div  class=\"col-sm-6 col-md-3\"> <div  class=\"card y-move no-padding bordered\"> <img decoding=\"async\"  class=\"face\" src=\"https:\/\/robotica.fisiosale.com.br\/wp-content\/uploads\/2018\/08\/cropped-IMG-20180821-WA0023.jpg\" alt=\"\" title=\"cropped-IMG-20180821-WA0023.jpg\"> <div  data-type=\"column\" class=\"col-padding-small col-padding-small-xs description-container\"> <h4  class=\"font-500\">Jander D Ferreira<\/h4> <p  class=\"small\" style=\"font-style: italic;\">Estudante \n<br >Engenharia mec\u00e2nica<\/p> <div  class=\"social-icons-group\" data-type=\"group\"> <a  href=\"#\"><i  class=\"gray fa icon fa-facebook-square small\"><\/i><\/a> <a  href=\"#\"><i  class=\"gray fa icon fa-twitter-square small\"><\/i><\/a> <a  href=\"#\"><i  class=\"gray fa icon fa-linkedin-square small\"><\/i><\/a> <a  href=\"#\"><i  class=\"gray fa icon fa-google-plus-square small\"><\/i><\/a><\/div> <\/div><\/div> <\/div><\/div> <\/div><\/div>","protected":false},"excerpt":{"rendered":"<p>Projetos OpenSource Parte dos projetos desenvolvidos no laborat\u00f3rios s\u00e3o disponibilizados gratuitamente Solu\u00e7\u00f5es multidisciplinares Os estudantes das engenharias e sa\u00fade t\u00eam contato cont\u00ednuo para desenvolvimento de dispositivos e solu\u00e7\u00f5es simplificadas \u201cQualquer tecnologia suficientemente avan\u00e7ada \u00e9 indistingu\u00edvel da magia\u201d \u2013 3\u00aa Lei de Clarke Nossa miss\u00e3o Dar ao indiv\u00edduo&nbsp;seu pr\u00f3prio poder de qualidade de vida&nbsp;de volta por&hellip; <br \/> <a class=\"read-more\" href=\"https:\/\/robotica.fisiosale.com.br\/\">Read more<\/a><\/p>\n","protected":false},"author":1,"featured_media":0,"parent":0,"menu_order":0,"comment_status":"closed","ping_status":"closed","template":"page-templates\/homepage.php","meta":{"footnotes":""},"class_list":["post-200","page","type-page","status-publish","hentry"],"_links":{"self":[{"href":"https:\/\/robotica.fisiosale.com.br\/index.php\/wp-json\/wp\/v2\/pages\/200"}],"collection":[{"href":"https:\/\/robotica.fisiosale.com.br\/index.php\/wp-json\/wp\/v2\/pages"}],"about":[{"href":"https:\/\/robotica.fisiosale.com.br\/index.php\/wp-json\/wp\/v2\/types\/page"}],"author":[{"embeddable":true,"href":"https:\/\/robotica.fisiosale.com.br\/index.php\/wp-json\/wp\/v2\/users\/1"}],"replies":[{"embeddable":true,"href":"https:\/\/robotica.fisiosale.com.br\/index.php\/wp-json\/wp\/v2\/comments?post=200"}],"version-history":[{"count":31,"href":"https:\/\/robotica.fisiosale.com.br\/index.php\/wp-json\/wp\/v2\/pages\/200\/revisions"}],"predecessor-version":[{"id":357,"href":"https:\/\/robotica.fisiosale.com.br\/index.php\/wp-json\/wp\/v2\/pages\/200\/revisions\/357"}],"wp:attachment":[{"href":"https:\/\/robotica.fisiosale.com.br\/index.php\/wp-json\/wp\/v2\/media?parent=200"}],"curies":[{"name":"wp","href":"https:\/\/api.w.org\/{rel}","templated":true}]}}