{"id":331,"date":"2018-12-06T10:44:50","date_gmt":"2018-12-06T12:44:50","guid":{"rendered":"http:\/\/robotica.fisiosale.com.br\/?page_id=331"},"modified":"2018-12-06T10:47:31","modified_gmt":"2018-12-06T12:47:31","slug":"exoesqueleto-para-mmii","status":"publish","type":"page","link":"https:\/\/robotica.fisiosale.com.br\/index.php\/exoesqueleto-para-mmii\/","title":{"rendered":"Exoesqueleto para membros inferiores"},"content":{"rendered":"<h3 class=\"title style-scope ytd-video-primary-info-renderer\"><em>Lower-limb exoskeleton &#8211; BRAZIL Unisalesiano 2018<\/em><\/h3>\n<p>This video shows the first &#8220;Lower-limb exoskeleton&#8221; developed in a Brazilian academic context, specifically for some kind of paraplegia. The Mechanic Engineers academics are: Chaira Parpinelli Ferreira, D\u00e9bora Gandra, M\u00e1rcio Cristiano da Silva Narcizo, Erick Scarpin, Mike Vin\u00edcius de Souza, Lincon M.T. Kawaguishi J\u00fanior. The research was developed at &#8220;Unisalesiano &#8211; Catholic Salesian Auxilium University Centre &#8211; Ara\u00e7atuba&#8221;. Orientation by: Prof. Dr. Edval Rodrigues de Viveiros, Co-orientation by: Prof. Ms. Rodrigo de Andrade Simon; Prof. Esp. Fernando Henrique Alves Benedito.<\/p>\n<p style=\"text-align: center;\"><iframe loading=\"lazy\" src=\"https:\/\/www.youtube.com\/embed\/IzubnX8UG0w\" width=\"560\" height=\"315\" frameborder=\"0\" allowfullscreen=\"allowfullscreen\"><\/iframe><\/p>\n<p>&nbsp;<\/p>\n","protected":false},"excerpt":{"rendered":"<p>Lower-limb exoskeleton &#8211; BRAZIL Unisalesiano 2018 This video shows the first &#8220;Lower-limb exoskeleton&#8221; developed in a Brazilian academic context, specifically for some kind of paraplegia. The Mechanic Engineers academics are: Chaira Parpinelli Ferreira, D\u00e9bora Gandra, M\u00e1rcio Cristiano da Silva Narcizo, Erick Scarpin, Mike Vin\u00edcius de Souza, Lincon M.T. Kawaguishi J\u00fanior. The research was developed at&hellip; <br \/> <a class=\"read-more\" href=\"https:\/\/robotica.fisiosale.com.br\/index.php\/exoesqueleto-para-mmii\/\">Read more<\/a><\/p>\n","protected":false},"author":1,"featured_media":0,"parent":0,"menu_order":0,"comment_status":"closed","ping_status":"closed","template":"","meta":{"footnotes":""},"class_list":["post-331","page","type-page","status-publish","hentry"],"_links":{"self":[{"href":"https:\/\/robotica.fisiosale.com.br\/index.php\/wp-json\/wp\/v2\/pages\/331"}],"collection":[{"href":"https:\/\/robotica.fisiosale.com.br\/index.php\/wp-json\/wp\/v2\/pages"}],"about":[{"href":"https:\/\/robotica.fisiosale.com.br\/index.php\/wp-json\/wp\/v2\/types\/page"}],"author":[{"embeddable":true,"href":"https:\/\/robotica.fisiosale.com.br\/index.php\/wp-json\/wp\/v2\/users\/1"}],"replies":[{"embeddable":true,"href":"https:\/\/robotica.fisiosale.com.br\/index.php\/wp-json\/wp\/v2\/comments?post=331"}],"version-history":[{"count":2,"href":"https:\/\/robotica.fisiosale.com.br\/index.php\/wp-json\/wp\/v2\/pages\/331\/revisions"}],"predecessor-version":[{"id":333,"href":"https:\/\/robotica.fisiosale.com.br\/index.php\/wp-json\/wp\/v2\/pages\/331\/revisions\/333"}],"wp:attachment":[{"href":"https:\/\/robotica.fisiosale.com.br\/index.php\/wp-json\/wp\/v2\/media?parent=331"}],"curies":[{"name":"wp","href":"https:\/\/api.w.org\/{rel}","templated":true}]}}