{"id":58,"date":"2018-05-07T08:05:09","date_gmt":"2018-05-07T11:05:09","guid":{"rendered":"http:\/\/robotica.fisiosale.com.br\/?page_id=58"},"modified":"2018-10-02T14:54:42","modified_gmt":"2018-10-02T17:54:42","slug":"producao","status":"publish","type":"page","link":"https:\/\/robotica.fisiosale.com.br\/index.php\/producao\/","title":{"rendered":"Produ\u00e7\u00e3o"},"content":{"rendered":"<h3><strong>Artigos publicados<\/strong><\/h3>\n<p><a href=\"https:\/\/robotica.fisiosale.com.br\/wp-content\/uploads\/2018\/10\/EEG-blind-paper.pdf\">Atividade cortical em EEG dependente do tempo e frequ\u00eancia induzida pelo discurso e tarefa multissensorial em cego durante aulas de F\u00edsica<\/a><\/p>\n<p>&nbsp;<\/p>\n<p>&nbsp;<\/p>\n<h3><strong>Trabalhos de Conclus\u00e3o de Curso em andamento<\/strong><\/h3>\n<p>&#8230;<\/p>\n<p>&nbsp;<\/p>\n<p>&nbsp;<\/p>\n<h3><strong>Trabalhos de Conclus\u00e3o de Curso Finalizados<\/strong><\/h3>\n<p>&#8230;<\/p>\n","protected":false},"excerpt":{"rendered":"<p>Artigos publicados Atividade cortical em EEG dependente do tempo e frequ\u00eancia induzida pelo discurso e tarefa multissensorial em cego durante aulas de F\u00edsica &nbsp; &nbsp; Trabalhos de Conclus\u00e3o de Curso em andamento &#8230; &nbsp; &nbsp; Trabalhos de Conclus\u00e3o de Curso Finalizados &#8230;<\/p>\n","protected":false},"author":1,"featured_media":0,"parent":0,"menu_order":0,"comment_status":"closed","ping_status":"closed","template":"","meta":{"footnotes":""},"class_list":["post-58","page","type-page","status-publish","hentry"],"_links":{"self":[{"href":"https:\/\/robotica.fisiosale.com.br\/index.php\/wp-json\/wp\/v2\/pages\/58"}],"collection":[{"href":"https:\/\/robotica.fisiosale.com.br\/index.php\/wp-json\/wp\/v2\/pages"}],"about":[{"href":"https:\/\/robotica.fisiosale.com.br\/index.php\/wp-json\/wp\/v2\/types\/page"}],"author":[{"embeddable":true,"href":"https:\/\/robotica.fisiosale.com.br\/index.php\/wp-json\/wp\/v2\/users\/1"}],"replies":[{"embeddable":true,"href":"https:\/\/robotica.fisiosale.com.br\/index.php\/wp-json\/wp\/v2\/comments?post=58"}],"version-history":[{"count":3,"href":"https:\/\/robotica.fisiosale.com.br\/index.php\/wp-json\/wp\/v2\/pages\/58\/revisions"}],"predecessor-version":[{"id":316,"href":"https:\/\/robotica.fisiosale.com.br\/index.php\/wp-json\/wp\/v2\/pages\/58\/revisions\/316"}],"wp:attachment":[{"href":"https:\/\/robotica.fisiosale.com.br\/index.php\/wp-json\/wp\/v2\/media?parent=58"}],"curies":[{"name":"wp","href":"https:\/\/api.w.org\/{rel}","templated":true}]}}