{"id":60,"date":"2018-05-07T08:10:53","date_gmt":"2018-05-07T11:10:53","guid":{"rendered":"http:\/\/robotica.fisiosale.com.br\/?page_id=60"},"modified":"2018-08-01T16:10:23","modified_gmt":"2018-08-01T19:10:23","slug":"participantes","status":"publish","type":"page","link":"https:\/\/robotica.fisiosale.com.br\/index.php\/participantes\/","title":{"rendered":"Participantes"},"content":{"rendered":"<h3><strong>Docentes<\/strong><\/h3>\n<p>Prof. Dr. Edval Rodrigues de Viveiros &#8211; Professor<\/p>\n<p>Eng. Fernando Henrique Alves Benedito &#8211; Orientador de Est\u00e1gios em Fisioterapia<\/p>\n<p>Profa Carla Komatsu Machado &#8211; Coordenadora do curso de Fisioterapia<\/p>\n<p>Prof. Ms. Nelson Hitoshi Takiy &#8211; Coordenador dos cursos de Engenharia Mec\u00e2nica, El\u00e9trica e Mecatr\u00f4nica<\/p>\n<p>&nbsp;<\/p>\n<p>&nbsp;<\/p>\n<h3><strong>Discentes<\/strong><\/h3>\n<p><em><strong>Exoesqueleto de bra\u00e7o<\/strong><\/em><\/p>\n<p>Jhonatahn W. de Oliveira Lima, Jander Dantas Ferreira, Claudemir Jos\u00e9 de Souza, Adimar Basilia Junior, Fl\u00e1vio Medina Favarin, Aleksander Henrique dos Santos &#8211; Engenharia Mec\u00e2nica. Bruna Cl\u00e1udia de Moura Dias (Fisioterapia).<\/p>\n<p><em><strong>Exoesqueleto de perna<\/strong><\/em><\/p>\n<p>Marcio Cristiano da Silva Narcizo, Lincon Marcelo Tsuneo Kawaguishi Jr, D\u00e9bora da Costa Gandra, Erick Vinicius Demarque Scarpin, Mike Vin\u00edcius de Souza, Chaira Parpinelli Ferreira (Engenharia Mec\u00e2nica), Gabriel Neves de Carvalho (Fisioterapia).<\/p>\n<p><em><strong>Exoesqueleto de m\u00e3o<\/strong><\/em><\/p>\n<p>Mois\u00e9s (Engenharia da Computa\u00e7\u00e3o), Jander (Engenharia Mec\u00e2nica), Vanessa Zanco (Fisioterapia)<\/p>\n","protected":false},"excerpt":{"rendered":"<p>Docentes Prof. Dr. Edval Rodrigues de Viveiros &#8211; Professor Eng. Fernando Henrique Alves Benedito &#8211; Orientador de Est\u00e1gios em Fisioterapia Profa Carla Komatsu Machado &#8211; Coordenadora do curso de Fisioterapia Prof. Ms. Nelson Hitoshi Takiy &#8211; Coordenador dos cursos de Engenharia Mec\u00e2nica, El\u00e9trica e Mecatr\u00f4nica &nbsp; &nbsp; Discentes Exoesqueleto de bra\u00e7o Jhonatahn W. de Oliveira&hellip; <br \/> <a class=\"read-more\" href=\"https:\/\/robotica.fisiosale.com.br\/index.php\/participantes\/\">Read more<\/a><\/p>\n","protected":false},"author":1,"featured_media":0,"parent":0,"menu_order":0,"comment_status":"closed","ping_status":"closed","template":"template-fullwidth.php","meta":{"footnotes":""},"class_list":["post-60","page","type-page","status-publish","hentry"],"_links":{"self":[{"href":"https:\/\/robotica.fisiosale.com.br\/index.php\/wp-json\/wp\/v2\/pages\/60"}],"collection":[{"href":"https:\/\/robotica.fisiosale.com.br\/index.php\/wp-json\/wp\/v2\/pages"}],"about":[{"href":"https:\/\/robotica.fisiosale.com.br\/index.php\/wp-json\/wp\/v2\/types\/page"}],"author":[{"embeddable":true,"href":"https:\/\/robotica.fisiosale.com.br\/index.php\/wp-json\/wp\/v2\/users\/1"}],"replies":[{"embeddable":true,"href":"https:\/\/robotica.fisiosale.com.br\/index.php\/wp-json\/wp\/v2\/comments?post=60"}],"version-history":[{"count":5,"href":"https:\/\/robotica.fisiosale.com.br\/index.php\/wp-json\/wp\/v2\/pages\/60\/revisions"}],"predecessor-version":[{"id":122,"href":"https:\/\/robotica.fisiosale.com.br\/index.php\/wp-json\/wp\/v2\/pages\/60\/revisions\/122"}],"wp:attachment":[{"href":"https:\/\/robotica.fisiosale.com.br\/index.php\/wp-json\/wp\/v2\/media?parent=60"}],"curies":[{"name":"wp","href":"https:\/\/api.w.org\/{rel}","templated":true}]}}